{"id":2,"date":"2014-01-14T10:30:51","date_gmt":"2014-01-14T09:30:51","guid":{"rendered":"http:\/\/audano.rtwblog.de\/?page_id=2"},"modified":"2021-05-18T15:02:13","modified_gmt":"2021-05-18T14:02:13","slug":"uebermich","status":"publish","type":"page","link":"https:\/\/audano.rtwblog.de\/?page_id=2","title":{"rendered":"&#220;ber mich"},"content":{"rendered":"<p><img loading=\"lazy\" class=\"alignleft wp-image-517\" src=\"http:\/\/audano.rtwblog.de\/files\/2019\/10\/PicsArt_05-05-08.13.33-150x150.jpg\" alt=\"\" width=\"100\" height=\"100\" srcset=\"https:\/\/audano.rtwblog.de\/files\/2019\/10\/PicsArt_05-05-08.13.33-150x150.jpg 150w, https:\/\/audano.rtwblog.de\/files\/2019\/10\/PicsArt_05-05-08.13.33-300x300.jpg 300w, https:\/\/audano.rtwblog.de\/files\/2019\/10\/PicsArt_05-05-08.13.33-768x767.jpg 768w, https:\/\/audano.rtwblog.de\/files\/2019\/10\/PicsArt_05-05-08.13.33-1024x1022.jpg 1024w, https:\/\/audano.rtwblog.de\/files\/2019\/10\/PicsArt_05-05-08.13.33-1200x1198.jpg 1200w, https:\/\/audano.rtwblog.de\/files\/2019\/10\/PicsArt_05-05-08.13.33.jpg 1280w\" sizes=\"(max-width: 100px) 100vw, 100px\" \/><strong>Auch das noch, <\/strong>muss das denn sein ? Ja ! Und zwar seit 2000. Angefangen hat es mit dem ersten Spiel in der 2. Bundesliga, <em>&#8222;SV Waldhof Mannheim &#8211; 1. FC K&#246;ln&#8220;.<\/em> Fortan fuhr ich &#246;fter zu Spielen des Effzeh. Von Anfang an habe ich so ziemlich alle Spiele aufgeschrieben, bevor ich von Groundhopping &#252;berhaupt wusste. Im Jahr 2002 ging es dann mit dem K&#246;lner Fanprojekt zum Spiel <em>&#8222;Sheffield United &#8211; Nottingham Forrest&#8220;<\/em>, das war quasi der Startschuss um &#252;ber Deutschlands Grenzen hinaus zu tingeln. Inzwischen halte ich alle Spiele fest die ich schaue, schlie&#223;lich gibt es <em>Herausragende Spiele in jeder Liga<\/em>. Und zudem was kann der Ground daf&#252;r das die Mannschaft so schlecht ist die drinnen spielt. Als geb&#252;rtiger Rheinl&#228;nder wurde mir der <em>1. FC K&#246;ln<\/em> quasi in die Wiege gelegt. Nach meinem Umzug an den Bodensee habe ich zudem den <em>FC Singen 04<\/em> ins Herz geschlossen !<\/p>\n<p>Ich werde nach und nach was zu den gesehenen Spielen schreiben, nat&#252;rlich mit Bildern &#8211; allerdings halte ich mich da recht kurz da ich selber keine Lust habe immer ellenlange Berichte zu lesen. Jedoch soll es da an wertvollen Infos zu Stadion oder Verein nicht fehlen.<\/p>\n<p>Warum ich das hier mache ? In erster Linie das erlebte festzuhalten und nat&#252;rlich von diversen Pl&#228;tzen zu berichten. Nat&#252;rlich treffe ich hier nicht jedermanns Geschmack, aber es steht jedem frei zu st&#246;bern oder es sein zu lassen. F&#252;r konstruktive Kritik bin ich offen.<\/p>\n<p>Falls es wen wundert, ich habe die Genehmigung die Bilder von <em>Gei&#223;bockFans.de<\/em> f&#252;r meinen Blog zu verwenden. Jegliche Vervielf&#228;ltigung, sowohl in digitaler als auch in materieller Form, der auf dieser Webseite publizierten Fotos bedarf zuvor meiner ausdr&#252;cklichen Genehmigung. Insbesondere die Nutzung auf Webseiten mit kommerziellem Hintergrund sowie die Produktion von Druckerzeugnissen ist grunds&#228;tzlich untersagt und ausschlie&#223;lich nach vorheriger Absprache erlaubt, Anfragen an <strong>audano@gmx.net<\/strong>.<\/p>\n<p style=\"text-align: center\">\n<div id=\"sb_instagram\"  class=\"sbi sbi_mob_col_1 sbi_tab_col_2 sbi_col_2\" style=\"padding-bottom: 10px; background-color: rgb(221,221,221); width: 50%;\"\t data-feedid=\"sbi_17841446318300163#2\"  data-res=\"thumb\" data-cols=\"2\" data-colsmobile=\"1\" data-colstablet=\"2\" data-num=\"2\" data-nummobile=\"\" data-item-padding=\"5\"\t data-shortcode-atts=\"{&quot;user&quot;:&quot;Au.Da.No&quot;}\"  data-postid=\"2\" data-locatornonce=\"45f2f3c60b\" data-imageaspectratio=\"1:1\" data-sbi-flags=\"resizeDisable\">\n\t\n\t<div id=\"sbi_images\"  style=\"gap: 10px;\">\n\t\t\t<\/div>\n\n\t<div id=\"sbi_load\" >\n\n\t\n\t\t\t<span class=\"sbi_follow_btn\" >\n\t\t\t<a target=\"_blank\"\n\t\t\t\trel=\"nofollow noopener\"  href=\"https:\/\/www.instagram.com\/au.da.no\/\">\n\t\t\t\t<svg class=\"svg-inline--fa fa-instagram fa-w-14\" aria-hidden=\"true\" data-fa-processed=\"\" aria-label=\"Instagram\" data-prefix=\"fab\" data-icon=\"instagram\" role=\"img\" viewBox=\"0 0 448 512\">\n                    <path fill=\"currentColor\" d=\"M224.1 141c-63.6 0-114.9 51.3-114.9 114.9s51.3 114.9 114.9 114.9S339 319.5 339 255.9 287.7 141 224.1 141zm0 189.6c-41.1 0-74.7-33.5-74.7-74.7s33.5-74.7 74.7-74.7 74.7 33.5 74.7 74.7-33.6 74.7-74.7 74.7zm146.4-194.3c0 14.9-12 26.8-26.8 26.8-14.9 0-26.8-12-26.8-26.8s12-26.8 26.8-26.8 26.8 12 26.8 26.8zm76.1 27.2c-1.7-35.9-9.9-67.7-36.2-93.9-26.2-26.2-58-34.4-93.9-36.2-37-2.1-147.9-2.1-184.9 0-35.8 1.7-67.6 9.9-93.9 36.1s-34.4 58-36.2 93.9c-2.1 37-2.1 147.9 0 184.9 1.7 35.9 9.9 67.7 36.2 93.9s58 34.4 93.9 36.2c37 2.1 147.9 2.1 184.9 0 35.9-1.7 67.7-9.9 93.9-36.2 26.2-26.2 34.4-58 36.2-93.9 2.1-37 2.1-147.8 0-184.8zM398.8 388c-7.8 19.6-22.9 34.7-42.6 42.6-29.5 11.7-99.5 9-132.1 9s-102.7 2.6-132.1-9c-19.6-7.8-34.7-22.9-42.6-42.6-11.7-29.5-9-99.5-9-132.1s-2.6-102.7 9-132.1c7.8-19.6 22.9-34.7 42.6-42.6 29.5-11.7 99.5-9 132.1-9s102.7-2.6 132.1 9c19.6 7.8 34.7 22.9 42.6 42.6 11.7 29.5 9 99.5 9 132.1s2.7 102.7-9 132.1z\"><\/path>\n                <\/svg>\t\t\t\t<span>Auf Instagram folgen<\/span>\n\t\t\t<\/a>\n\t\t<\/span>\n\t\n<\/div>\n\t\t<span class=\"sbi_resized_image_data\" data-feed-id=\"sbi_17841446318300163#2\"\n\t\t  data-resized=\"[]\">\n\t<\/span>\n\t<\/div>\n\n<\/p>\n<p style=\"text-align: center\">Facebook: <a href=\"https:\/\/www.facebook.com\/audano.blog\">audano.blog<\/a><\/p>\n<p style=\"text-align: center\"><a href=\"http:\/\/audano.rtwblog.de\/files\/2020\/08\/QRAudanortwblog.gif\" target=\"_blank\" rel=\"noopener noreferrer\"><img loading=\"lazy\" class=\"aligncenter wp-image-2483\" title=\"QR-Code \/ audano.rtwblog.de\" src=\"http:\/\/audano.rtwblog.de\/files\/2020\/08\/QRAudanortwblog.gif\" alt=\"QR-Code \/ audano.rtwblog.de\" width=\"70\" height=\"70\" \/><\/a><\/p>\n<p>&nbsp;<\/p>\n<p style=\"text-align: center\">.:: <a href=\"http:\/\/audano.rtwblog.de\/?page_id=396\">Alle Spiele<\/a> ::.<\/p>\n<p style=\"text-align: center\"><em><span style=\"text-decoration: underline\">1149 Ground`s in 40 L&#228;ndern<\/span><\/em><\/p>\n<ol>\n<li style=\"text-align: center\">&#x1f1e9;&#x1f1ea; Deutschland (2000) &#8211; <a href=\"http:\/\/audano.rtwblog.de\/?p=5\">SV Waldhof Mannheim &#8211; 1.FC K&#246;ln<\/a><\/li>\n<li style=\"text-align: center\">&#x1f3f4;&#xe0067;&#xe0062;&#xe0065;&#xe006e;&#xe0067;&#xe007f;\u00a0England (2002) &#8211; Sheffield United FC &#8211; Nottingham Forrest<\/li>\n<li style=\"text-align: center\">&#x1f3f4;&#xe0067;&#xe0062;&#xe0077;&#xe006c;&#xe0073;&#xe007f; Wales (2002) &#8211; Wales &#8211; Deutschland<\/li>\n<li style=\"text-align: center\">&#x1f1f1;&#x1f1f9;\u00a0Litauen (2002) &#8211; <a href=\"http:\/\/audano.rtwblog.de\/?p=3421\">Litauen (U21) &#8211; Deutschland (U21)<\/a><\/li>\n<li style=\"text-align: center\">&#x1f1e7;&#x1f1e6; Bosnien-Herzegowina (2002) &#8211; B.-H. &#8211; Deutschland<\/li>\n<li style=\"text-align: center\">&#x1f1eb;&#x1f1f4; F&#228;r&#246;er (2003) &#8211; <a href=\"http:\/\/audano.rtwblog.de\/?p=3336\">HB T\u00f3rshavn II &#8211; K\u00cd Klaksv\u00edk II<\/a><\/li>\n<li style=\"text-align: center\">&#x1f1ee;&#x1f1f8; Island (2003) &#8211; <a href=\"http:\/\/audano.rtwblog.de\/?p=5651\">Island (U21) &#8211; Deutschland (U21)<\/a><\/li>\n<li style=\"text-align: center\">&#x1f1e8;&#x1f1ed; Schweiz (2005) &#8211;\u00a0<a href=\"http:\/\/audano.rtwblog.de\/?p=1517\">FC Z&#252;rich &#8211; FC Aarau<\/a><\/li>\n<li style=\"text-align: center\">&#x1f1ee;&#x1f1f9;\u00a0Italien (2006) &#8211;\u00a0Italien &#8211; Deutschland<\/li>\n<li style=\"text-align: center\">&#x1f1eb;&#x1f1f7;\u00a0Frankreich (2006) &#8211;\u00a0<a href=\"http:\/\/audano.rtwblog.de\/?p=6714\">FC Metz &#8211; ES Troyes AC<\/a><\/li>\n<li style=\"text-align: center\">&#x1f1f1;&#x1f1ee;\u00a0Liechtenstein (2006) &#8211;\u00a0<a href=\"http:\/\/audano.rtwblog.de\/?p=2249\">FC Vaduz &#8211; FC Concordia Basel<\/a><\/li>\n<li style=\"text-align: center\">&#x1f1ea;&#x1f1ea; Estland (2006) &#8211; <a href=\"http:\/\/audano.rtwblog.de\/?p=339\">JK N\u00f5mme Kalju FC &#8211; TVMK II Tallinn<\/a><\/li>\n<li style=\"text-align: center\">&#x1f1f5;&#x1f1f1; Polen (2006) &#8211; <a href=\"http:\/\/audano.rtwblog.de\/?p=7013\">KP Chemik Police &#8211; Rega Merida Trzebiat\u00f3w<\/a><\/li>\n<li style=\"text-align: center\">&#x1f1e8;&#x1f1ff; Tschechien (2006) &#8211; SK Slavia Prag &#8211; SK Sigma Olomouc<\/li>\n<li style=\"text-align: center\">&#x1f1f8;&#x1f1f2; San Marino (2006) &#8211; <a href=\"http:\/\/audano.rtwblog.de\/?p=1954\">San Marino &#8211; Deutschland<\/a><\/li>\n<li style=\"text-align: center\">&#x1f1f3;&#x1f1f1;\u00a0Niederlande (2006) &#8211;\u00a0MVV Maastricht &#8211; FC Zwolle<\/li>\n<li style=\"text-align: center\">&#x1f1e7;&#x1f1ea; Belgien (2006) &#8211;\u00a0Lierse SK &#8211; Standard L&#252;ttich<\/li>\n<li style=\"text-align: center\">&#x1f1f8;&#x1f1f0;\u00a0Slowakei (2006) &#8211;\u00a0<a href=\"http:\/\/audano.rtwblog.de\/?p=3673\">Slowakei &#8211; Deutschland<\/a><\/li>\n<li style=\"text-align: center\">&#x1f1e6;&#x1f1f9; &#214;sterreich (2006) &#8211; <a href=\"http:\/\/audano.rtwblog.de\/?p=4424\">SV Seekirchen 1b \u2013 SPG Axams\/G&#246;tzens 1b 1:2<\/a><\/li>\n<li style=\"text-align: center\">&#x1f1e8;&#x1f1fe; Zypern (2006) &#8211; Zypern &#8211; Deutschland<\/li>\n<li style=\"text-align: center\">&#x1f1f1;&#x1f1fa;\u00a0Luxemburg &#8211; (2007) &#8211;\u00a0<a href=\"http:\/\/audano.rtwblog.de\/?p=3531\">Luxemburg (U17) &#8211; Deutschland (U17)<\/a><\/li>\n<li style=\"text-align: center\">&#x1f1ee;&#x1f1ea;\u00a0Irland (2007)\u00a0<a href=\"http:\/\/audano.rtwblog.de\/?p=419\">Bohemian FC Dublin &#8211; Galway United<\/a><\/li>\n<li style=\"text-align: center\">&#x1f1ea;&#x1f1f8; Spanien (2007) &#8211;\u00a0<a href=\"http:\/\/audano.rtwblog.de\/?p=5541\">Real Madrid CF &#8211; SS Lazio Rom<\/a><\/li>\n<li style=\"text-align: center\">&#x1f1eb;&#x1f1ee; Finnland (2010) &#8211;\u00a0<a href=\"http:\/\/audano.rtwblog.de\/?p=279\">FC Haka &#8211; Kuopio PS<\/a><\/li>\n<li style=\"text-align: center\">&#x1f1e9;&#x1f1f0; D&#228;nemark (2010) &#8211;\u00a0HB K&#246;ge &#8211; FC Fyn<\/li>\n<li style=\"text-align: center\">&#x1f1f8;&#x1f1ea; Schweden (2010) &#8211;\u00a0<a href=\"http:\/\/audano.rtwblog.de\/?p=5906\">&#196;ngelholms FF &#8211; Degerfors IF<\/a><\/li>\n<li style=\"text-align: center\">&#x1f1f3;&#x1f1f4; Norwegen (2010) &#8211; <a href=\"http:\/\/audano.rtwblog.de\/?p=4742\">Sarpsborg 08 FF &#8211; Sogndal Fotball 4:0<\/a><\/li>\n<li style=\"text-align: center\">Nordirland (2011) &#8211; Nordirland &#8211; Slowenien<\/li>\n<li style=\"text-align: center\">&#x1f1f9;&#x1f1f7;\u00a0T&#252;rkei (2012) &#8211;\u00a0<a href=\"http:\/\/audano.rtwblog.de\/?p=5324\">Galatasaray Istanbul &#8211; Istanbul BB<\/a><\/li>\n<li style=\"text-align: center\">&#x1f1fa;&#x1f1e6;\u00a0Ukraine (2012) &#8211; D&#228;nemark &#8211; Deutschland<\/li>\n<li style=\"text-align: center\">&#x1f3f4;&#xe0067;&#xe0062;&#xe0073;&#xe0063;&#xe0074;&#xe007f; Schottland (2013) &#8211; <a href=\"http:\/\/audano.rtwblog.de\/?p=8\">Heart of Midlothian FC &#8211; Hibernian FC<\/a><\/li>\n<li style=\"text-align: center\">&#x1f1e6;&#x1f1f7; Argentinien (2013) &#8211;\u00a0<a href=\"http:\/\/audano.rtwblog.de\/?p=216\">AA Argentinos Juniors &#8211; CA All Boys<\/a><\/li>\n<li style=\"text-align: center\">&#x1f1fa;&#x1f1fe; Uruguay (2013) &#8211;\u00a0<a href=\"http:\/\/audano.rtwblog.de\/?p=455\">Club Nacional de Football &#8211; Deportivo Toluca FC<\/a><\/li>\n<li style=\"text-align: center\">&#x1f1ed;&#x1f1fa; Ungarn (2014) &#8211; Ferencv\u00e1ros Budapest U21 &#8211; MTK Budapest U21<\/li>\n<li style=\"text-align: center\">&#x1f1f2;&#x1f1e8; Monaco (2015) <a href=\"http:\/\/audano.rtwblog.de\/?p=2877\">AS Monaco &#8211; SC Bastia<\/a><\/li>\n<li style=\"text-align: center\">&#x1f1e6;&#x1f1e9; Andorra (2015) <a href=\"http:\/\/audano.rtwblog.de\/?p=1543\">FC Santa Coloma &#8211; UE Sant Juli\u00e0<\/a><\/li>\n<li style=\"text-align: center\">&#x1f1f7;&#x1f1f8; Serbien (2017) &#8211; <a href=\"http:\/\/audano.rtwblog.de\/?p=1500\">Roter Stern Belgrad &#8211; 1. FC K&#246;ln<\/a><\/li>\n<li style=\"text-align: center\">&#x1f1f2;&#x1f1f9;\u00a0Malta (2018) &#8211; <a href=\"http:\/\/audano.rtwblog.de\/?p=2240\">Qormi FC &#8211; St. Andrews FC<\/a><\/li>\n<li style=\"text-align: center\">&#x1f1f8;&#x1f1ee;\u00a0Slowenien (2019) &#8211; <a href=\"http:\/\/audano.rtwblog.de\/?p=1550\">NK Brda &#8211; NK Dravograd<\/a><\/li>\n<li style=\"text-align: center\">&#x1f1f5;&#x1f1f9;\u00a0Portugal (2020) &#8211; <a href=\"http:\/\/audano.rtwblog.de\/?p=926\">Sporting CP &#8211; SL Benfica &#8211; 0:2<\/a><\/li>\n<\/ol>\n<p><a title=\"Besucherzaehler\" href=\"http:\/\/www.andyhoppe.com\/\"><img loading=\"lazy\" class=\"aligncenter\" style=\"border: none\" src=\"\/\/c.andyhoppe.com\/1589356728\" alt=\"Besucherzaehler\" width=\"56\" height=\"25\" \/><\/a><\/p>\n<p>&nbsp;<\/p>\n<p style=\"text-align: center\"><\/p>\n","protected":false},"excerpt":{"rendered":"<p>Auch das noch, muss das denn sein ? Ja ! Und zwar seit 2000. Angefangen hat es mit dem ersten Spiel in der 2. Bundesliga, &#8222;SV Waldhof Mannheim &#8211; 1. FC K&#246;ln&#8220;. Fortan fuhr ich &#246;fter zu Spielen des Effzeh. Von Anfang an habe ich so ziemlich alle Spiele aufgeschrieben, bevor ich von Groundhopping &#252;berhaupt [&#8230;]<\/p>\n","protected":false},"author":2340,"featured_media":0,"parent":0,"menu_order":1,"comment_status":"open","ping_status":"closed","template":"","meta":[],"post_mailing_queue_ids":[],"_links":{"self":[{"href":"https:\/\/audano.rtwblog.de\/index.php?rest_route=\/wp\/v2\/pages\/2"}],"collection":[{"href":"https:\/\/audano.rtwblog.de\/index.php?rest_route=\/wp\/v2\/pages"}],"about":[{"href":"https:\/\/audano.rtwblog.de\/index.php?rest_route=\/wp\/v2\/types\/page"}],"author":[{"embeddable":true,"href":"https:\/\/audano.rtwblog.de\/index.php?rest_route=\/wp\/v2\/users\/2340"}],"replies":[{"embeddable":true,"href":"https:\/\/audano.rtwblog.de\/index.php?rest_route=%2Fwp%2Fv2%2Fcomments&post=2"}],"version-history":[{"count":122,"href":"https:\/\/audano.rtwblog.de\/index.php?rest_route=\/wp\/v2\/pages\/2\/revisions"}],"predecessor-version":[{"id":7716,"href":"https:\/\/audano.rtwblog.de\/index.php?rest_route=\/wp\/v2\/pages\/2\/revisions\/7716"}],"wp:attachment":[{"href":"https:\/\/audano.rtwblog.de\/index.php?rest_route=%2Fwp%2Fv2%2Fmedia&parent=2"}],"curies":[{"name":"wp","href":"https:\/\/api.w.org\/{rel}","templated":true}]}}